{"id":82344,"date":"2019-11-22T09:57:47","date_gmt":"2019-11-22T09:57:47","guid":{"rendered":"https:\/\/smfc.pt\/team\/jaime-doria-cortesao\/"},"modified":"2025-10-28T23:36:27","modified_gmt":"2025-10-28T23:36:27","slug":"jaime-doria-cortesao","status":"publish","type":"page","link":"https:\/\/smfc.pt\/en\/team\/jaime-doria-cortesao\/","title":{"rendered":"Jaime D\u00f3ria Cortes\u00e3o"},"content":{"rendered":"<div class=\"wpb-content-wrapper\"><p>[vc_row][vc_column width=&#8221;2\/3&#8243;][vc_custom_heading heading_semantic=&#8221;h1&#8243; text_size=&#8221;h1&#8243; separator_color=&#8221;yes&#8221; separator=&#8221;yes&#8221; subheading=&#8221;Partner&#8221;]<\/p>\n<h1>Jaime D\u00f3ria Cortes\u00e3o<\/h1>\n<p>[\/vc_custom_heading][vc_column_text css=&#8221;.vc_custom_1579775006135{margin-top: 70px !important;margin-bottom: 50px !important;}&#8221;]<\/p>\n<h4>Academic Profile<\/h4>\n<p>Degree in Law from the School of Law of the University of Coimbra<\/p>\n<h4>Professional Profile<\/h4>\n<p>In 1968, he joined the Judiciary at the Public Prosecutor\u2019s Office, in the District of Lobito, and went on to join the then Ministry of Corporations and Social Security.<\/p>\n<p>In August 1974 he joined the Confederation of Portuguese Industry (CIP) as a founding technician, focusing his activity in the field of collective labour relations and the intermediation of labour conflicts in a wide range of industries.<\/p>\n<p>He is a founding partner of SMFC where, in addition to managing several companies, he has been developing forensic activity with special emphasis on Labour and Administrative Law and in the field of mediation and arbitration.<\/p>\n<h4>Professional Associations<\/h4>\n<p>Member of the Bar Association since 1977.<\/p>\n<p><strong>Languages:<\/strong> English, French and Spanish.[\/vc_column_text][vc_empty_space empty_h=&#8221;2&#8243;][\/vc_column][vc_column width=&#8221;1\/3&#8243;][vc_empty_space empty_h=&#8221;2&#8243;][vc_single_image media=&#8221;83021&#8243; media_width_percent=&#8221;100&#8243; uncode_shortcode_id=&#8221;208930&#8243;][\/vc_column][\/vc_row][vc_row row_height_percent=&#8221;0&#8243; back_color=&#8221;color-lxmt&#8221; overlay_alpha=&#8221;50&#8243; gutter_size=&#8221;3&#8243; column_width_percent=&#8221;100&#8243; shift_y=&#8221;0&#8243; z_index=&#8221;0&#8243;][vc_column width=&#8221;1\/3&#8243;][vc_custom_heading heading_semantic=&#8221;h4&#8243; text_size=&#8221;h4&#8243; uncode_shortcode_id=&#8221;205951&#8243;]<\/p>\n<h4>Practice areas<\/h4>\n<p>[\/vc_custom_heading][uncode_list icon=&#8221;fa fa-chevron-right&#8221; icon_color=&#8221;accent&#8221; uncode_shortcode_id=&#8221;721310&#8243; icon_color_type=&#8221;uncode-palette&#8221;]<\/p>\n<ul>\n<li style=\"list-style-type: none;\">\n<ul>\n<li><a href=\"https:\/\/smfc.pt\/en\/practice-areas\/litigation-and-arbitration\/\">Litigation and Arbitration<\/a><\/li>\n<li><a href=\"https:\/\/smfc.pt\/en\/practice-areas\/labour-and-social-security\/\">Labour and Social Security<\/a><\/li>\n<\/ul>\n<\/li>\n<\/ul>\n<p>[\/uncode_list][vc_empty_space empty_h=&#8221;1&#8243;][\/vc_column][vc_column width=&#8221;1\/3&#8243;][vc_custom_heading heading_semantic=&#8221;h4&#8243; text_size=&#8221;h4&#8243;]<\/p>\n<h4>Contacts<\/h4>\n<p>[\/vc_custom_heading][vc_empty_space empty_h=&#8221;2&#8243;][vc_icon position=&#8221;left&#8221; space_reduced=&#8221;yes&#8221; display=&#8221;inline&#8221; icon=&#8221;fa fa-phone&#8221; icon_color=&#8221;accent&#8221; heading_semantic=&#8221;p&#8221; text_size=&#8221;&#8221; linked_title=&#8221;yes&#8221; title=&#8221;+351 210924800&#8243; link=&#8221;url:tel%3A210924800|&#8221; uncode_shortcode_id=&#8221;116493&#8243; icon_color_type=&#8221;uncode-palette&#8221;][\/vc_icon][vc_icon position=&#8221;left&#8221; space_reduced=&#8221;yes&#8221; display=&#8221;inline&#8221; icon=&#8221;fa fa-envelope&#8221; icon_color=&#8221;accent&#8221; heading_semantic=&#8221;p&#8221; text_size=&#8221;&#8221; linked_title=&#8221;yes&#8221; title=&#8221;Send email&#8221; link=&#8221;url:mailto%3Ajdc%40smfc.pt|&#8221; uncode_shortcode_id=&#8221;682101&#8243; icon_color_type=&#8221;uncode-palette&#8221;][\/vc_icon][\/vc_column][vc_column width=&#8221;1\/3&#8243;][\/vc_column][\/vc_row]<\/p>\n<\/div>","protected":false},"excerpt":{"rendered":"<p>[vc_row][vc_column width=&#8221;2\/3&#8243;][vc_custom_heading heading_semantic=&#8221;h1&#8243; text_size=&#8221;h1&#8243; separator_color=&#8221;yes&#8221; separator=&#8221;yes&#8221; subheading=&#8221;Partner&#8221;] Jaime D\u00f3ria Cortes\u00e3o [\/vc_custom_heading][vc_column_text css=&#8221;.vc_custom_1579775006135{margin-top: 70px !important;margin-bottom: 50px !important;}&#8221;] Academic Profile Degree in [&hellip;]<\/p>\n","protected":false},"author":4,"featured_media":83021,"parent":82276,"menu_order":0,"comment_status":"closed","ping_status":"closed","template":"","meta":{"footnotes":""},"class_list":["post-82344","page","type-page","status-publish","has-post-thumbnail","hentry","page_category-team"],"yoast_head":"<!-- This site is optimized with the Yoast SEO plugin v27.3 - https:\/\/yoast.com\/product\/yoast-seo-wordpress\/ -->\n<title>Jaime D\u00f3ria Cortes\u00e3o - Sousa Machado, Ferreira da Costa &amp; Associados<\/title>\n<meta name=\"description\" content=\"Jaime D\u00f3ria Cortes\u00e3o He is a founding partner of SMFC where, in addition to managing several companies, he has been developing forensic activity...\" \/>\n<meta name=\"robots\" content=\"index, follow, max-snippet:-1, max-image-preview:large, max-video-preview:-1\" \/>\n<link rel=\"canonical\" href=\"https:\/\/smfc.pt\/en\/team\/jaime-doria-cortesao\/\" \/>\n<meta property=\"og:locale\" content=\"en_US\" \/>\n<meta property=\"og:type\" content=\"article\" \/>\n<meta property=\"og:title\" content=\"Jaime D\u00f3ria Cortes\u00e3o - Sousa Machado, Ferreira da Costa &amp; Associados\" \/>\n<meta property=\"og:description\" content=\"Jaime D\u00f3ria Cortes\u00e3o He is a founding partner of SMFC where, in addition to managing several companies, he has been developing forensic activity...\" \/>\n<meta property=\"og:url\" content=\"https:\/\/smfc.pt\/en\/team\/jaime-doria-cortesao\/\" \/>\n<meta property=\"og:site_name\" content=\"Sousa Machado, Ferreira da Costa &amp; Associados\" \/>\n<meta property=\"article:modified_time\" content=\"2025-10-28T23:36:27+00:00\" \/>\n<meta property=\"og:image\" content=\"https:\/\/smfc.pt\/wp-content\/uploads\/jaime-doria-cortesao-scaled-1-1024x682.jpg\" \/>\n<meta name=\"twitter:card\" content=\"summary_large_image\" \/>\n<meta name=\"twitter:image\" content=\"https:\/\/smfc.pt\/wp-content\/uploads\/jaime-doria-cortesao-scaled-1-1024x682.jpg\" \/>\n<meta name=\"twitter:label1\" content=\"Est. reading time\" \/>\n\t<meta name=\"twitter:data1\" content=\"2 minutes\" \/>\n<script type=\"application\/ld+json\" class=\"yoast-schema-graph\">{\"@context\":\"https:\\\/\\\/schema.org\",\"@graph\":[{\"@type\":\"WebPage\",\"@id\":\"https:\\\/\\\/smfc.pt\\\/en\\\/team\\\/jaime-doria-cortesao\\\/\",\"url\":\"https:\\\/\\\/smfc.pt\\\/en\\\/team\\\/jaime-doria-cortesao\\\/\",\"name\":\"Jaime D\u00f3ria Cortes\u00e3o - Sousa Machado, Ferreira da Costa & Associados\",\"isPartOf\":{\"@id\":\"https:\\\/\\\/smfc.pt\\\/en\\\/#website\"},\"primaryImageOfPage\":{\"@id\":\"https:\\\/\\\/smfc.pt\\\/en\\\/team\\\/jaime-doria-cortesao\\\/#primaryimage\"},\"image\":{\"@id\":\"https:\\\/\\\/smfc.pt\\\/en\\\/team\\\/jaime-doria-cortesao\\\/#primaryimage\"},\"thumbnailUrl\":\"https:\\\/\\\/smfc.pt\\\/wp-content\\\/uploads\\\/jaime-doria-cortesao-smfc-bio.jpg\",\"datePublished\":\"2019-11-22T09:57:47+00:00\",\"dateModified\":\"2025-10-28T23:36:27+00:00\",\"description\":\"Jaime D\u00f3ria Cortes\u00e3o He is a founding partner of SMFC where, in addition to managing several companies, he has been developing forensic activity...\",\"breadcrumb\":{\"@id\":\"https:\\\/\\\/smfc.pt\\\/en\\\/team\\\/jaime-doria-cortesao\\\/#breadcrumb\"},\"inLanguage\":\"en-US\",\"potentialAction\":[{\"@type\":\"ReadAction\",\"target\":[\"https:\\\/\\\/smfc.pt\\\/en\\\/team\\\/jaime-doria-cortesao\\\/\"]}]},{\"@type\":\"ImageObject\",\"inLanguage\":\"en-US\",\"@id\":\"https:\\\/\\\/smfc.pt\\\/en\\\/team\\\/jaime-doria-cortesao\\\/#primaryimage\",\"url\":\"https:\\\/\\\/smfc.pt\\\/wp-content\\\/uploads\\\/jaime-doria-cortesao-smfc-bio.jpg\",\"contentUrl\":\"https:\\\/\\\/smfc.pt\\\/wp-content\\\/uploads\\\/jaime-doria-cortesao-smfc-bio.jpg\",\"width\":960,\"height\":1068},{\"@type\":\"BreadcrumbList\",\"@id\":\"https:\\\/\\\/smfc.pt\\\/en\\\/team\\\/jaime-doria-cortesao\\\/#breadcrumb\",\"itemListElement\":[{\"@type\":\"ListItem\",\"position\":1,\"name\":\"In\u00edcio\",\"item\":\"https:\\\/\\\/smfc.pt\\\/en\\\/smfc\\\/\"},{\"@type\":\"ListItem\",\"position\":2,\"name\":\"Team\",\"item\":\"https:\\\/\\\/smfc.pt\\\/en\\\/team\\\/\"},{\"@type\":\"ListItem\",\"position\":3,\"name\":\"Jaime D\u00f3ria Cortes\u00e3o\"}]},{\"@type\":\"WebSite\",\"@id\":\"https:\\\/\\\/smfc.pt\\\/en\\\/#website\",\"url\":\"https:\\\/\\\/smfc.pt\\\/en\\\/\",\"name\":\"Sousa Machado, Ferreira da Costa & Associados\",\"description\":\"Sociedade de Advogados, RL\",\"publisher\":{\"@id\":\"https:\\\/\\\/smfc.pt\\\/en\\\/#organization\"},\"alternateName\":\"Sociedade de Advogados, RL\",\"potentialAction\":[{\"@type\":\"SearchAction\",\"target\":{\"@type\":\"EntryPoint\",\"urlTemplate\":\"https:\\\/\\\/smfc.pt\\\/en\\\/?s={search_term_string}\"},\"query-input\":{\"@type\":\"PropertyValueSpecification\",\"valueRequired\":true,\"valueName\":\"search_term_string\"}}],\"inLanguage\":\"en-US\"},{\"@type\":\"Organization\",\"@id\":\"https:\\\/\\\/smfc.pt\\\/en\\\/#organization\",\"name\":\"Sousa Machado, Ferreira da Costa & Associados\",\"alternateName\":\"Sociedade de Advogados, RL\",\"url\":\"https:\\\/\\\/smfc.pt\\\/en\\\/\",\"logo\":{\"@type\":\"ImageObject\",\"inLanguage\":\"en-US\",\"@id\":\"https:\\\/\\\/smfc.pt\\\/en\\\/#\\\/schema\\\/logo\\\/image\\\/\",\"url\":\"https:\\\/\\\/smfc.pt\\\/wp-content\\\/uploads\\\/Logo-completo.png\",\"contentUrl\":\"https:\\\/\\\/smfc.pt\\\/wp-content\\\/uploads\\\/Logo-completo.png\",\"width\":300,\"height\":300,\"caption\":\"Sousa Machado, Ferreira da Costa & Associados\"},\"image\":{\"@id\":\"https:\\\/\\\/smfc.pt\\\/en\\\/#\\\/schema\\\/logo\\\/image\\\/\"},\"sameAs\":[\"https:\\\/\\\/www.linkedin.com\\\/company\\\/smfc-sousa-machado-ferreira-da-costa-associados\\\/\"]}]}<\/script>\n<!-- \/ Yoast SEO plugin. -->","yoast_head_json":{"title":"Jaime D\u00f3ria Cortes\u00e3o - Sousa Machado, Ferreira da Costa & Associados","description":"Jaime D\u00f3ria Cortes\u00e3o He is a founding partner of SMFC where, in addition to managing several companies, he has been developing forensic activity...","robots":{"index":"index","follow":"follow","max-snippet":"max-snippet:-1","max-image-preview":"max-image-preview:large","max-video-preview":"max-video-preview:-1"},"canonical":"https:\/\/smfc.pt\/en\/team\/jaime-doria-cortesao\/","og_locale":"en_US","og_type":"article","og_title":"Jaime D\u00f3ria Cortes\u00e3o - Sousa Machado, Ferreira da Costa & Associados","og_description":"Jaime D\u00f3ria Cortes\u00e3o He is a founding partner of SMFC where, in addition to managing several companies, he has been developing forensic activity...","og_url":"https:\/\/smfc.pt\/en\/team\/jaime-doria-cortesao\/","og_site_name":"Sousa Machado, Ferreira da Costa & Associados","article_modified_time":"2025-10-28T23:36:27+00:00","og_image":[{"url":"https:\/\/smfc.pt\/wp-content\/uploads\/jaime-doria-cortesao-scaled-1-1024x682.jpg","type":"","width":"","height":""}],"twitter_card":"summary_large_image","twitter_image":"https:\/\/smfc.pt\/wp-content\/uploads\/jaime-doria-cortesao-scaled-1-1024x682.jpg","twitter_misc":{"Est. reading time":"2 minutes"},"schema":{"@context":"https:\/\/schema.org","@graph":[{"@type":"WebPage","@id":"https:\/\/smfc.pt\/en\/team\/jaime-doria-cortesao\/","url":"https:\/\/smfc.pt\/en\/team\/jaime-doria-cortesao\/","name":"Jaime D\u00f3ria Cortes\u00e3o - Sousa Machado, Ferreira da Costa & Associados","isPartOf":{"@id":"https:\/\/smfc.pt\/en\/#website"},"primaryImageOfPage":{"@id":"https:\/\/smfc.pt\/en\/team\/jaime-doria-cortesao\/#primaryimage"},"image":{"@id":"https:\/\/smfc.pt\/en\/team\/jaime-doria-cortesao\/#primaryimage"},"thumbnailUrl":"https:\/\/smfc.pt\/wp-content\/uploads\/jaime-doria-cortesao-smfc-bio.jpg","datePublished":"2019-11-22T09:57:47+00:00","dateModified":"2025-10-28T23:36:27+00:00","description":"Jaime D\u00f3ria Cortes\u00e3o He is a founding partner of SMFC where, in addition to managing several companies, he has been developing forensic activity...","breadcrumb":{"@id":"https:\/\/smfc.pt\/en\/team\/jaime-doria-cortesao\/#breadcrumb"},"inLanguage":"en-US","potentialAction":[{"@type":"ReadAction","target":["https:\/\/smfc.pt\/en\/team\/jaime-doria-cortesao\/"]}]},{"@type":"ImageObject","inLanguage":"en-US","@id":"https:\/\/smfc.pt\/en\/team\/jaime-doria-cortesao\/#primaryimage","url":"https:\/\/smfc.pt\/wp-content\/uploads\/jaime-doria-cortesao-smfc-bio.jpg","contentUrl":"https:\/\/smfc.pt\/wp-content\/uploads\/jaime-doria-cortesao-smfc-bio.jpg","width":960,"height":1068},{"@type":"BreadcrumbList","@id":"https:\/\/smfc.pt\/en\/team\/jaime-doria-cortesao\/#breadcrumb","itemListElement":[{"@type":"ListItem","position":1,"name":"In\u00edcio","item":"https:\/\/smfc.pt\/en\/smfc\/"},{"@type":"ListItem","position":2,"name":"Team","item":"https:\/\/smfc.pt\/en\/team\/"},{"@type":"ListItem","position":3,"name":"Jaime D\u00f3ria Cortes\u00e3o"}]},{"@type":"WebSite","@id":"https:\/\/smfc.pt\/en\/#website","url":"https:\/\/smfc.pt\/en\/","name":"Sousa Machado, Ferreira da Costa & Associados","description":"Sociedade de Advogados, RL","publisher":{"@id":"https:\/\/smfc.pt\/en\/#organization"},"alternateName":"Sociedade de Advogados, RL","potentialAction":[{"@type":"SearchAction","target":{"@type":"EntryPoint","urlTemplate":"https:\/\/smfc.pt\/en\/?s={search_term_string}"},"query-input":{"@type":"PropertyValueSpecification","valueRequired":true,"valueName":"search_term_string"}}],"inLanguage":"en-US"},{"@type":"Organization","@id":"https:\/\/smfc.pt\/en\/#organization","name":"Sousa Machado, Ferreira da Costa & Associados","alternateName":"Sociedade de Advogados, RL","url":"https:\/\/smfc.pt\/en\/","logo":{"@type":"ImageObject","inLanguage":"en-US","@id":"https:\/\/smfc.pt\/en\/#\/schema\/logo\/image\/","url":"https:\/\/smfc.pt\/wp-content\/uploads\/Logo-completo.png","contentUrl":"https:\/\/smfc.pt\/wp-content\/uploads\/Logo-completo.png","width":300,"height":300,"caption":"Sousa Machado, Ferreira da Costa & Associados"},"image":{"@id":"https:\/\/smfc.pt\/en\/#\/schema\/logo\/image\/"},"sameAs":["https:\/\/www.linkedin.com\/company\/smfc-sousa-machado-ferreira-da-costa-associados\/"]}]}},"_links":{"self":[{"href":"https:\/\/smfc.pt\/en\/wp-json\/wp\/v2\/pages\/82344","targetHints":{"allow":["GET"]}}],"collection":[{"href":"https:\/\/smfc.pt\/en\/wp-json\/wp\/v2\/pages"}],"about":[{"href":"https:\/\/smfc.pt\/en\/wp-json\/wp\/v2\/types\/page"}],"author":[{"embeddable":true,"href":"https:\/\/smfc.pt\/en\/wp-json\/wp\/v2\/users\/4"}],"replies":[{"embeddable":true,"href":"https:\/\/smfc.pt\/en\/wp-json\/wp\/v2\/comments?post=82344"}],"version-history":[{"count":3,"href":"https:\/\/smfc.pt\/en\/wp-json\/wp\/v2\/pages\/82344\/revisions"}],"predecessor-version":[{"id":83062,"href":"https:\/\/smfc.pt\/en\/wp-json\/wp\/v2\/pages\/82344\/revisions\/83062"}],"up":[{"embeddable":true,"href":"https:\/\/smfc.pt\/en\/wp-json\/wp\/v2\/pages\/82276"}],"wp:featuredmedia":[{"embeddable":true,"href":"https:\/\/smfc.pt\/en\/wp-json\/wp\/v2\/media\/83021"}],"wp:attachment":[{"href":"https:\/\/smfc.pt\/en\/wp-json\/wp\/v2\/media?parent=82344"}],"curies":[{"name":"wp","href":"https:\/\/api.w.org\/{rel}","templated":true}]}}