{"id":82252,"date":"2019-10-31T14:56:40","date_gmt":"2019-10-31T14:56:40","guid":{"rendered":"https:\/\/smfc.pt\/practice-areas\/debt-recovery-and-insolvency\/"},"modified":"2023-04-04T21:45:40","modified_gmt":"2023-04-04T21:45:40","slug":"debt-recovery-and-insolvency","status":"publish","type":"page","link":"https:\/\/smfc.pt\/en\/practice-areas\/debt-recovery-and-insolvency\/","title":{"rendered":"Debt Recovery and Insolvency"},"content":{"rendered":"<div class=\"wpb-content-wrapper\"><p>[vc_row][vc_column width=&#8221;1\/1&#8243;][vc_custom_heading]<\/p>\n<h1>Debt Recovery and Insolvency<\/h1>\n<p>[\/vc_custom_heading][vc_row_inner][vc_column_inner width=&#8221;1\/4&#8243;][\/vc_column_inner][vc_column_inner width=&#8221;3\/4&#8243;][vc_column_text css=&#8221;.vc_custom_1579622129117{padding-top: 50px !important;}&#8221;]The debt recovery area has followed the history of SMFC since the year of its foundation. With extensive experience in this area, SMFC has private and business clients, namely in financial, pharmaceutical, telecommunications, insurance and other areas, with a significant number of processes, accompanying them from the questioning phase to the initiation of the competent lawsuit to the executive stage.<\/p>\n<p>Critical importance is given to the negotiation process, aiming at a speedy extrajudicial debt recovery, making the use of the judicial route residual, with the consequent reduction of inherent costs.<\/p>\n<p>In the judicial field, this area is composed of a team with vast experience in litigation in courts and arbitral tribunals.<\/p>\n<p>We work closely with the client, allowing a debt recovery rate with a renowned level of success.<\/p>\n<p>Debt recovery is also geared towards providing an adequate response to clients within the scope of Special Revitalisation and Insolvency Procedures, namely, in the defence of their credit rights and in accompanying company recovery and restructuring operations.[\/vc_column_text][vc_empty_space empty_h=&#8221;3&#8243;][\/vc_column_inner][\/vc_row_inner][\/vc_column][\/vc_row][vc_row][vc_column width=&#8221;1\/1&#8243;][uncode_block id=&#8221;79344&#8243;][\/vc_column][\/vc_row]<\/p>\n<\/div>","protected":false},"excerpt":{"rendered":"<p>[vc_row][vc_column width=&#8221;1\/1&#8243;][vc_custom_heading] Debt Recovery and Insolvency [\/vc_custom_heading][vc_row_inner][vc_column_inner width=&#8221;1\/4&#8243;][\/vc_column_inner][vc_column_inner width=&#8221;3\/4&#8243;][vc_column_text css=&#8221;.vc_custom_1579622129117{padding-top: 50px !important;}&#8221;]The debt recovery area has followed the history of [&hellip;]<\/p>\n","protected":false},"author":4,"featured_media":80379,"parent":82174,"menu_order":0,"comment_status":"closed","ping_status":"closed","template":"","meta":{"footnotes":""},"class_list":["post-82252","page","type-page","status-publish","has-post-thumbnail","hentry","page_category-practice-areas"],"yoast_head":"<!-- This site is optimized with the Yoast SEO plugin v27.4 - https:\/\/yoast.com\/product\/yoast-seo-wordpress\/ -->\n<title>Debt Recovery and Insolvency - Sousa Machado, Ferreira da Costa &amp; Associados<\/title>\n<meta name=\"robots\" content=\"index, follow, max-snippet:-1, max-image-preview:large, max-video-preview:-1\" \/>\n<link rel=\"canonical\" href=\"https:\/\/smfc.pt\/en\/practice-areas\/debt-recovery-and-insolvency\/\" \/>\n<meta property=\"og:locale\" content=\"en_US\" \/>\n<meta property=\"og:type\" content=\"article\" \/>\n<meta property=\"og:title\" content=\"Debt Recovery and Insolvency - Sousa Machado, Ferreira da Costa &amp; Associados\" \/>\n<meta property=\"og:description\" content=\"[vc_row][vc_column width=&#8221;1\/1&#8243;][vc_custom_heading] Debt Recovery and Insolvency [\/vc_custom_heading][vc_row_inner][vc_column_inner width=&#8221;1\/4&#8243;][\/vc_column_inner][vc_column_inner width=&#8221;3\/4&#8243;][vc_column_text css=&#8221;.vc_custom_1579622129117{padding-top: 50px !important;}&#8221;]The debt recovery area has followed the history of [&hellip;]\" \/>\n<meta property=\"og:url\" content=\"https:\/\/smfc.pt\/en\/practice-areas\/debt-recovery-and-insolvency\/\" \/>\n<meta property=\"og:site_name\" content=\"Sousa Machado, Ferreira da Costa &amp; Associados\" \/>\n<meta property=\"article:modified_time\" content=\"2023-04-04T21:45:40+00:00\" \/>\n<meta property=\"og:image\" content=\"https:\/\/smfc.pt\/wp-content\/uploads\/Recupera\u00e7\u00e3o-de-Cr\u00e9d_1.jpg\" \/>\n\t<meta property=\"og:image:width\" content=\"4000\" \/>\n\t<meta property=\"og:image:height\" content=\"2000\" \/>\n\t<meta property=\"og:image:type\" content=\"image\/jpeg\" \/>\n<meta name=\"twitter:card\" content=\"summary_large_image\" \/>\n<meta name=\"twitter:label1\" content=\"Est. reading time\" \/>\n\t<meta name=\"twitter:data1\" content=\"1 minute\" \/>\n<script type=\"application\/ld+json\" class=\"yoast-schema-graph\">{\"@context\":\"https:\\\/\\\/schema.org\",\"@graph\":[{\"@type\":\"WebPage\",\"@id\":\"https:\\\/\\\/smfc.pt\\\/en\\\/practice-areas\\\/debt-recovery-and-insolvency\\\/\",\"url\":\"https:\\\/\\\/smfc.pt\\\/en\\\/practice-areas\\\/debt-recovery-and-insolvency\\\/\",\"name\":\"Debt Recovery and Insolvency - Sousa Machado, Ferreira da Costa & Associados\",\"isPartOf\":{\"@id\":\"https:\\\/\\\/smfc.pt\\\/en\\\/#website\"},\"primaryImageOfPage\":{\"@id\":\"https:\\\/\\\/smfc.pt\\\/en\\\/practice-areas\\\/debt-recovery-and-insolvency\\\/#primaryimage\"},\"image\":{\"@id\":\"https:\\\/\\\/smfc.pt\\\/en\\\/practice-areas\\\/debt-recovery-and-insolvency\\\/#primaryimage\"},\"thumbnailUrl\":\"https:\\\/\\\/smfc.pt\\\/wp-content\\\/uploads\\\/Recupera\u00e7\u00e3o-de-Cr\u00e9d_1.jpg\",\"datePublished\":\"2019-10-31T14:56:40+00:00\",\"dateModified\":\"2023-04-04T21:45:40+00:00\",\"breadcrumb\":{\"@id\":\"https:\\\/\\\/smfc.pt\\\/en\\\/practice-areas\\\/debt-recovery-and-insolvency\\\/#breadcrumb\"},\"inLanguage\":\"en-US\",\"potentialAction\":[{\"@type\":\"ReadAction\",\"target\":[\"https:\\\/\\\/smfc.pt\\\/en\\\/practice-areas\\\/debt-recovery-and-insolvency\\\/\"]}]},{\"@type\":\"ImageObject\",\"inLanguage\":\"en-US\",\"@id\":\"https:\\\/\\\/smfc.pt\\\/en\\\/practice-areas\\\/debt-recovery-and-insolvency\\\/#primaryimage\",\"url\":\"https:\\\/\\\/smfc.pt\\\/wp-content\\\/uploads\\\/Recupera\u00e7\u00e3o-de-Cr\u00e9d_1.jpg\",\"contentUrl\":\"https:\\\/\\\/smfc.pt\\\/wp-content\\\/uploads\\\/Recupera\u00e7\u00e3o-de-Cr\u00e9d_1.jpg\",\"width\":4000,\"height\":2000},{\"@type\":\"BreadcrumbList\",\"@id\":\"https:\\\/\\\/smfc.pt\\\/en\\\/practice-areas\\\/debt-recovery-and-insolvency\\\/#breadcrumb\",\"itemListElement\":[{\"@type\":\"ListItem\",\"position\":1,\"name\":\"In\u00edcio\",\"item\":\"https:\\\/\\\/smfc.pt\\\/en\\\/smfc\\\/\"},{\"@type\":\"ListItem\",\"position\":2,\"name\":\"Practice areas\",\"item\":\"https:\\\/\\\/smfc.pt\\\/en\\\/practice-areas\\\/\"},{\"@type\":\"ListItem\",\"position\":3,\"name\":\"Debt Recovery and Insolvency\"}]},{\"@type\":\"WebSite\",\"@id\":\"https:\\\/\\\/smfc.pt\\\/en\\\/#website\",\"url\":\"https:\\\/\\\/smfc.pt\\\/en\\\/\",\"name\":\"Sousa Machado, Ferreira da Costa & Associados\",\"description\":\"Sociedade de Advogados, RL\",\"publisher\":{\"@id\":\"https:\\\/\\\/smfc.pt\\\/en\\\/#organization\"},\"alternateName\":\"Sociedade de Advogados, RL\",\"potentialAction\":[{\"@type\":\"SearchAction\",\"target\":{\"@type\":\"EntryPoint\",\"urlTemplate\":\"https:\\\/\\\/smfc.pt\\\/en\\\/?s={search_term_string}\"},\"query-input\":{\"@type\":\"PropertyValueSpecification\",\"valueRequired\":true,\"valueName\":\"search_term_string\"}}],\"inLanguage\":\"en-US\"},{\"@type\":\"Organization\",\"@id\":\"https:\\\/\\\/smfc.pt\\\/en\\\/#organization\",\"name\":\"Sousa Machado, Ferreira da Costa & Associados\",\"alternateName\":\"Sociedade de Advogados, RL\",\"url\":\"https:\\\/\\\/smfc.pt\\\/en\\\/\",\"logo\":{\"@type\":\"ImageObject\",\"inLanguage\":\"en-US\",\"@id\":\"https:\\\/\\\/smfc.pt\\\/en\\\/#\\\/schema\\\/logo\\\/image\\\/\",\"url\":\"https:\\\/\\\/smfc.pt\\\/wp-content\\\/uploads\\\/Logo-completo.png\",\"contentUrl\":\"https:\\\/\\\/smfc.pt\\\/wp-content\\\/uploads\\\/Logo-completo.png\",\"width\":300,\"height\":300,\"caption\":\"Sousa Machado, Ferreira da Costa & Associados\"},\"image\":{\"@id\":\"https:\\\/\\\/smfc.pt\\\/en\\\/#\\\/schema\\\/logo\\\/image\\\/\"},\"sameAs\":[\"https:\\\/\\\/www.linkedin.com\\\/company\\\/smfc-sousa-machado-ferreira-da-costa-associados\\\/\"]}]}<\/script>\n<!-- \/ Yoast SEO plugin. -->","yoast_head_json":{"title":"Debt Recovery and Insolvency - Sousa Machado, Ferreira da Costa & Associados","robots":{"index":"index","follow":"follow","max-snippet":"max-snippet:-1","max-image-preview":"max-image-preview:large","max-video-preview":"max-video-preview:-1"},"canonical":"https:\/\/smfc.pt\/en\/practice-areas\/debt-recovery-and-insolvency\/","og_locale":"en_US","og_type":"article","og_title":"Debt Recovery and Insolvency - Sousa Machado, Ferreira da Costa & Associados","og_description":"[vc_row][vc_column width=&#8221;1\/1&#8243;][vc_custom_heading] Debt Recovery and Insolvency [\/vc_custom_heading][vc_row_inner][vc_column_inner width=&#8221;1\/4&#8243;][\/vc_column_inner][vc_column_inner width=&#8221;3\/4&#8243;][vc_column_text css=&#8221;.vc_custom_1579622129117{padding-top: 50px !important;}&#8221;]The debt recovery area has followed the history of [&hellip;]","og_url":"https:\/\/smfc.pt\/en\/practice-areas\/debt-recovery-and-insolvency\/","og_site_name":"Sousa Machado, Ferreira da Costa & Associados","article_modified_time":"2023-04-04T21:45:40+00:00","og_image":[{"width":4000,"height":2000,"url":"https:\/\/smfc.pt\/wp-content\/uploads\/Recupera\u00e7\u00e3o-de-Cr\u00e9d_1.jpg","type":"image\/jpeg"}],"twitter_card":"summary_large_image","twitter_misc":{"Est. reading time":"1 minute"},"schema":{"@context":"https:\/\/schema.org","@graph":[{"@type":"WebPage","@id":"https:\/\/smfc.pt\/en\/practice-areas\/debt-recovery-and-insolvency\/","url":"https:\/\/smfc.pt\/en\/practice-areas\/debt-recovery-and-insolvency\/","name":"Debt Recovery and Insolvency - Sousa Machado, Ferreira da Costa & Associados","isPartOf":{"@id":"https:\/\/smfc.pt\/en\/#website"},"primaryImageOfPage":{"@id":"https:\/\/smfc.pt\/en\/practice-areas\/debt-recovery-and-insolvency\/#primaryimage"},"image":{"@id":"https:\/\/smfc.pt\/en\/practice-areas\/debt-recovery-and-insolvency\/#primaryimage"},"thumbnailUrl":"https:\/\/smfc.pt\/wp-content\/uploads\/Recupera\u00e7\u00e3o-de-Cr\u00e9d_1.jpg","datePublished":"2019-10-31T14:56:40+00:00","dateModified":"2023-04-04T21:45:40+00:00","breadcrumb":{"@id":"https:\/\/smfc.pt\/en\/practice-areas\/debt-recovery-and-insolvency\/#breadcrumb"},"inLanguage":"en-US","potentialAction":[{"@type":"ReadAction","target":["https:\/\/smfc.pt\/en\/practice-areas\/debt-recovery-and-insolvency\/"]}]},{"@type":"ImageObject","inLanguage":"en-US","@id":"https:\/\/smfc.pt\/en\/practice-areas\/debt-recovery-and-insolvency\/#primaryimage","url":"https:\/\/smfc.pt\/wp-content\/uploads\/Recupera\u00e7\u00e3o-de-Cr\u00e9d_1.jpg","contentUrl":"https:\/\/smfc.pt\/wp-content\/uploads\/Recupera\u00e7\u00e3o-de-Cr\u00e9d_1.jpg","width":4000,"height":2000},{"@type":"BreadcrumbList","@id":"https:\/\/smfc.pt\/en\/practice-areas\/debt-recovery-and-insolvency\/#breadcrumb","itemListElement":[{"@type":"ListItem","position":1,"name":"In\u00edcio","item":"https:\/\/smfc.pt\/en\/smfc\/"},{"@type":"ListItem","position":2,"name":"Practice areas","item":"https:\/\/smfc.pt\/en\/practice-areas\/"},{"@type":"ListItem","position":3,"name":"Debt Recovery and Insolvency"}]},{"@type":"WebSite","@id":"https:\/\/smfc.pt\/en\/#website","url":"https:\/\/smfc.pt\/en\/","name":"Sousa Machado, Ferreira da Costa & Associados","description":"Sociedade de Advogados, RL","publisher":{"@id":"https:\/\/smfc.pt\/en\/#organization"},"alternateName":"Sociedade de Advogados, RL","potentialAction":[{"@type":"SearchAction","target":{"@type":"EntryPoint","urlTemplate":"https:\/\/smfc.pt\/en\/?s={search_term_string}"},"query-input":{"@type":"PropertyValueSpecification","valueRequired":true,"valueName":"search_term_string"}}],"inLanguage":"en-US"},{"@type":"Organization","@id":"https:\/\/smfc.pt\/en\/#organization","name":"Sousa Machado, Ferreira da Costa & Associados","alternateName":"Sociedade de Advogados, RL","url":"https:\/\/smfc.pt\/en\/","logo":{"@type":"ImageObject","inLanguage":"en-US","@id":"https:\/\/smfc.pt\/en\/#\/schema\/logo\/image\/","url":"https:\/\/smfc.pt\/wp-content\/uploads\/Logo-completo.png","contentUrl":"https:\/\/smfc.pt\/wp-content\/uploads\/Logo-completo.png","width":300,"height":300,"caption":"Sousa Machado, Ferreira da Costa & Associados"},"image":{"@id":"https:\/\/smfc.pt\/en\/#\/schema\/logo\/image\/"},"sameAs":["https:\/\/www.linkedin.com\/company\/smfc-sousa-machado-ferreira-da-costa-associados\/"]}]}},"_links":{"self":[{"href":"https:\/\/smfc.pt\/en\/wp-json\/wp\/v2\/pages\/82252","targetHints":{"allow":["GET"]}}],"collection":[{"href":"https:\/\/smfc.pt\/en\/wp-json\/wp\/v2\/pages"}],"about":[{"href":"https:\/\/smfc.pt\/en\/wp-json\/wp\/v2\/types\/page"}],"author":[{"embeddable":true,"href":"https:\/\/smfc.pt\/en\/wp-json\/wp\/v2\/users\/4"}],"replies":[{"embeddable":true,"href":"https:\/\/smfc.pt\/en\/wp-json\/wp\/v2\/comments?post=82252"}],"version-history":[{"count":1,"href":"https:\/\/smfc.pt\/en\/wp-json\/wp\/v2\/pages\/82252\/revisions"}],"predecessor-version":[{"id":82259,"href":"https:\/\/smfc.pt\/en\/wp-json\/wp\/v2\/pages\/82252\/revisions\/82259"}],"up":[{"embeddable":true,"href":"https:\/\/smfc.pt\/en\/wp-json\/wp\/v2\/pages\/82174"}],"wp:featuredmedia":[{"embeddable":true,"href":"https:\/\/smfc.pt\/en\/wp-json\/wp\/v2\/media\/80379"}],"wp:attachment":[{"href":"https:\/\/smfc.pt\/en\/wp-json\/wp\/v2\/media?parent=82252"}],"curies":[{"name":"wp","href":"https:\/\/api.w.org\/{rel}","templated":true}]}}